{"id":1453,"date":"2020-04-30T11:12:41","date_gmt":"2020-04-30T11:12:41","guid":{"rendered":"http:\/\/62.146.224.187\/?page_id=1453"},"modified":"2025-12-08T17:30:08","modified_gmt":"2025-12-08T22:30:08","slug":"contact","status":"publish","type":"page","link":"https:\/\/ovationdanse.com\/en\/contact\/","title":{"rendered":"Contact"},"content":{"rendered":"<div data-elementor-type=\"wp-page\" data-elementor-id=\"1453\" class=\"elementor elementor-1453\">\n\t\t\t\t\t\t<section class=\"elementor-section elementor-top-section elementor-element elementor-element-21007b6 elementor-section-boxed elementor-section-height-default elementor-section-height-default sc_fly_static\" data-id=\"21007b6\" data-element_type=\"section\">\n\t\t\t\t\t\t\t<div class=\"elementor-background-overlay\"><\/div>\n\t\t\t\t\t\t\t<div class=\"elementor-container elementor-column-gap-extended\">\n\t\t\t\t\t<div class=\"elementor-column elementor-col-100 elementor-top-column elementor-element elementor-element-cfe325e sc_content_align_inherit sc_layouts_column_icons_position_left sc_fly_static\" data-id=\"cfe325e\" data-element_type=\"column\">\n\t\t\t<div class=\"elementor-widget-wrap elementor-element-populated\">\n\t\t\t\t\t\t<div class=\"elementor-element elementor-element-5a2bf65 sc_height_huge sc_fly_static elementor-widget elementor-widget-spacer\" data-id=\"5a2bf65\" data-element_type=\"widget\" data-widget_type=\"spacer.default\">\n\t\t\t\t<div class=\"elementor-widget-container\">\n\t\t\t\t\t\t\t<div class=\"elementor-spacer\">\n\t\t\t<div class=\"elementor-spacer-inner\"><\/div>\n\t\t<\/div>\n\t\t\t\t\t\t<\/div>\n\t\t\t\t<\/div>\n\t\t\t\t\t<\/div>\n\t\t<\/div>\n\t\t\t\t\t<\/div>\n\t\t<\/section>\n\t\t\t\t<section class=\"elementor-section elementor-top-section elementor-element elementor-element-21f40af elementor-section-boxed elementor-section-height-default elementor-section-height-default sc_fly_static\" data-id=\"21f40af\" data-element_type=\"section\">\n\t\t\t\t\t\t<div class=\"elementor-container elementor-column-gap-extended\">\n\t\t\t\t\t<div class=\"elementor-column elementor-col-50 elementor-top-column elementor-element elementor-element-d549fb8 sc_content_align_inherit sc_layouts_column_icons_position_left sc_fly_static\" data-id=\"d549fb8\" data-element_type=\"column\">\n\t\t\t<div class=\"elementor-widget-wrap elementor-element-populated\">\n\t\t\t\t\t\t<div class=\"elementor-element elementor-element-77950d0 sc_fly_static elementor-widget elementor-widget-trx_sc_title\" data-id=\"77950d0\" data-element_type=\"widget\" data-widget_type=\"trx_sc_title.default\">\n\t\t\t\t<div class=\"elementor-widget-container\">\n\t\t\t\t\t<div\t\tclass=\"sc_title sc_title_default\" ><span class=\"sc_item_subtitle sc_title_subtitle sc_item_subtitle_above sc_item_title_style_default\">Contact us<\/span><h1 class=\"sc_item_title sc_title_title sc_item_title_style_default sc_item_title_tag\"\n\t\t\t><span class=\"sc_item_title_text\">Besoin d'infos ? Contactez-nous !<\/span><\/h1><\/div>\t\t\t\t<\/div>\n\t\t\t\t<\/div>\n\t\t\t\t<div class=\"elementor-element elementor-element-6673dd8 sc_fly_static elementor-widget elementor-widget-spacer\" data-id=\"6673dd8\" data-element_type=\"widget\" data-widget_type=\"spacer.default\">\n\t\t\t\t<div class=\"elementor-widget-container\">\n\t\t\t\t\t\t\t<div class=\"elementor-spacer\">\n\t\t\t<div class=\"elementor-spacer-inner\"><\/div>\n\t\t<\/div>\n\t\t\t\t\t\t<\/div>\n\t\t\t\t<\/div>\n\t\t\t\t<div class=\"elementor-element elementor-element-717446c sc_fly_static elementor-widget elementor-widget-trx_sc_icons\" data-id=\"717446c\" data-element_type=\"widget\" data-widget_type=\"trx_sc_icons.default\">\n\t\t\t\t<div class=\"elementor-widget-container\">\n\t\t\t\t\t<div \tclass=\"sc_icons sc_icons_simple sc_icons_size_small sc_align_none\" ><div class=\"sc_icons_item with_more\"><div class=\"sc_icons_icon sc_icon_type_ icon-marker\" ><span class=\"sc_icon_type_ icon-marker\"><\/span><\/div><div class=\"sc_icons_item_details\"><div class=\"sc_icons_item_description\"><span><strong>Address for classes:<\/strong><\/span><span><\/span><span>Coll\u00e8ge-Notre-Dame-de-l'Assomption<\/span><span><\/span><span>\u200b225 Saint-Jean-Baptiste,  Nicolet, QC \u200e, J3T 0A2<\/span><\/div><\/div><\/div><div class=\"sc_icons_item sc_icons_item_linked with_more\"><div class=\"sc_icons_icon sc_icon_type_ icon-iphone\" ><span class=\"sc_icon_type_ icon-iphone\"><\/span><\/div><div class=\"sc_icons_item_details\"><a href=\"tel:1-855-375-0375\" class=\"sc_icons_item_more_link\">\r\n                        <span class=\"link_text\">1-855-375-0375<\/span><span class=\"link_icon\"><\/span>\r\n                        <\/a><a href=\"tel:1-855-375-0375\"\r\n                        class=\"sc_icons_item_link\">\r\n                        <\/a><\/div><\/div><div class=\"sc_icons_item with_more\"><div class=\"sc_icons_icon sc_icon_type_ icon-envelope-2\" ><span class=\"sc_icon_type_ icon-envelope-2\"><\/span><\/div><div class=\"sc_icons_item_details\"><div class=\"sc_icons_item_description\"><span><a href=\"mailto:ovationdanse@gmail.com\">ovationdanse@gmail.com<\/span><span><\/a><\/span><\/div><\/div><\/div><\/div><!-- \/.sc_icons -->\t\t\t\t<\/div>\n\t\t\t\t<\/div>\n\t\t\t\t\t<\/div>\n\t\t<\/div>\n\t\t\t\t<div class=\"elementor-column elementor-col-50 elementor-top-column elementor-element elementor-element-8540c92 sc_content_align_inherit sc_layouts_column_icons_position_left sc_fly_static\" data-id=\"8540c92\" data-element_type=\"column\">\n\t\t\t<div class=\"elementor-widget-wrap elementor-element-populated\">\n\t\t\t\t\t\t<div class=\"elementor-element elementor-element-f2cbdc0 sc_fly_static elementor-widget elementor-widget-spacer\" data-id=\"f2cbdc0\" data-element_type=\"widget\" data-widget_type=\"spacer.default\">\n\t\t\t\t<div class=\"elementor-widget-container\">\n\t\t\t\t\t\t\t<div class=\"elementor-spacer\">\n\t\t\t<div class=\"elementor-spacer-inner\"><\/div>\n\t\t<\/div>\n\t\t\t\t\t\t<\/div>\n\t\t\t\t<\/div>\n\t\t\t\t<div class=\"elementor-element elementor-element-8bd9894 sc_fly_static elementor-widget elementor-widget-html\" data-id=\"8bd9894\" data-element_type=\"widget\" data-widget_type=\"html.default\">\n\t\t\t\t<div class=\"elementor-widget-container\">\n\t\t\t\t\t<div class=\"wpcf7\">\n<div class=\"screen-reader-response\" bis_skin_checked=\"1\"><p role=\"status\" aria-live=\"polite\" aria-atomic=\"true\"><\/p> <ul><\/ul><\/div>\n<form action=\"#\" method=\"post\" class=\"init\" data-trp-original-action=\"#\">\n\n<div class=\"form-style-3\" bis_skin_checked=\"1\">\n\t<div class=\"columns_wrap\" bis_skin_checked=\"1\">\n\t\t<div class=\"column-1_2\" bis_skin_checked=\"1\">\n\t\t\t<p><span class=\"style-line icon-name\"><span class=\"wpcf7-form-control-wrap\" data-name=\"your-name\"><input size=\"40\" maxlength=\"400\" class=\"wpcf7-form-control wpcf7-text wpcf7-validates-as-required fill_inited\" aria-required=\"true\" aria-invalid=\"false\" placeholder=\"Name\" value=\"\" type=\"text\" name=\"your-name\"><span class=\"line\"><\/span><\/span><\/span>\n\t\t\t<\/p>\n\t\t<\/div>\n\t\t<div class=\"column-1_2\" bis_skin_checked=\"1\">\n\t\t\t<p><span class=\"style-line icon-email\"><span class=\"wpcf7-form-control-wrap\" data-name=\"your-email\"><input size=\"40\" maxlength=\"400\" class=\"wpcf7-form-control wpcf7-email wpcf7-validates-as-required wpcf7-text wpcf7-validates-as-email fill_inited\" aria-required=\"true\" aria-invalid=\"false\" placeholder=\"Email\" value=\"\" type=\"email\" name=\"your-email\"><span class=\"line\"><\/span><\/span><\/span>\n\t\t\t<\/p>\n\t\t<\/div>\n\t<\/div>\n\t<div class=\"columns_wrap\" bis_skin_checked=\"1\">\n\t\t<div class=\"column-1_2\" bis_skin_checked=\"1\">\n\t\t\t<p><span class=\"style-line icon-phone\"><span class=\"wpcf7-form-control-wrap\" data-name=\"phone\"><input size=\"40\" maxlength=\"400\" class=\"wpcf7-form-control wpcf7-tel wpcf7-validates-as-required wpcf7-text wpcf7-validates-as-tel fill_inited\" aria-required=\"true\" aria-invalid=\"false\" placeholder=\"Phone\" value=\"\" type=\"tel\" name=\"phone\"><span class=\"line\"><\/span><\/span><\/span>\n\t\t\t<\/p>\n\t\t<\/div>\n\t\t<div class=\"column-1_2\" bis_skin_checked=\"1\">\n\t\t\t<p><span class=\"style-line icon-subject\"><span class=\"wpcf7-form-control-wrap\" data-name=\"subject\"><input size=\"40\" maxlength=\"400\" class=\"wpcf7-form-control wpcf7-text wpcf7-validates-as-required fill_inited\" aria-required=\"true\" aria-invalid=\"false\" placeholder=\"Subject\" value=\"\" type=\"text\" name=\"subject\"><span class=\"line\"><\/span><\/span><\/span>\n\t\t\t<\/p>\n\t\t<\/div>\n\t<\/div>\n\t<div class=\"columns_wrap margin-bottom\" bis_skin_checked=\"1\">\n\t\t<div class=\"column-1_1\" bis_skin_checked=\"1\">\n\t\t\t<p><span class=\"style-line icon-textarea\"><span class=\"wpcf7-form-control-wrap\" data-name=\"your-message\"><textarea cols=\"40\" rows=\"10\" maxlength=\"2000\" class=\"wpcf7-form-control wpcf7-textarea wpcf7-validates-as-required fill_inited\" aria-required=\"true\" aria-invalid=\"false\" placeholder=\"How can we help you? Don\u2019t hesitate to contact us!\" name=\"your-message\"><\/textarea><span class=\"line\"><\/span><\/span><\/span>\n\t\t\t<\/p>\n\t\t<\/div>\n\t<\/div>\n\t<span class=\"wpcf7-form-control-wrap\" data-name=\"acceptance\"><span class=\"wpcf7-form-control wpcf7-acceptance\"><span class=\"wpcf7-list-item\"><label class=\"translation-block\"><span class=\"wpcf7-list-item-label\">J'accepte la <a href=\"\/en\/privacy-policy\/\" target=\"_self\">politique de confidentialit\u00e9<\/a> du site.<\/span><\/label><\/span><\/span><\/span>\n\t\n\t<input type=\"submit\" value=\"Contact us\">\n\n<\/div><div class=\"wpcf7-response-output\" aria-hidden=\"true\" bis_skin_checked=\"1\"><\/div>\n<input type=\"hidden\" name=\"trp-form-language\" value=\"en\"\/><\/form>\n<\/div>\t\t\t\t<\/div>\n\t\t\t\t<\/div>\n\t\t\t\t\t<\/div>\n\t\t<\/div>\n\t\t\t\t\t<\/div>\n\t\t<\/section>\n\t\t\t\t<section class=\"elementor-section elementor-top-section elementor-element elementor-element-9d50408 elementor-section-full_width elementor-section-height-default elementor-section-height-default sc_fly_static\" data-id=\"9d50408\" data-element_type=\"section\">\n\t\t\t\t\t\t<div class=\"elementor-container elementor-column-gap-extended\">\n\t\t\t\t\t<div class=\"elementor-column elementor-col-100 elementor-top-column elementor-element elementor-element-21f1855 sc_content_align_inherit sc_layouts_column_icons_position_left sc_fly_static\" data-id=\"21f1855\" data-element_type=\"column\">\n\t\t\t<div class=\"elementor-widget-wrap elementor-element-populated\">\n\t\t\t\t\t\t<div class=\"elementor-element elementor-element-2c17cd61 sc_height_huge sc_fly_static elementor-widget elementor-widget-spacer\" data-id=\"2c17cd61\" data-element_type=\"widget\" data-widget_type=\"spacer.default\">\n\t\t\t\t<div class=\"elementor-widget-container\">\n\t\t\t\t\t\t\t<div class=\"elementor-spacer\">\n\t\t\t<div class=\"elementor-spacer-inner\"><\/div>\n\t\t<\/div>\n\t\t\t\t\t\t<\/div>\n\t\t\t\t<\/div>\n\t\t\t\t<div class=\"elementor-element elementor-element-8ac2067 sc_fly_static elementor-widget elementor-widget-html\" data-id=\"8ac2067\" data-element_type=\"widget\" data-widget_type=\"html.default\">\n\t\t\t\t<div class=\"elementor-widget-container\">\n\t\t\t\t\t<iframe src=\"https:\/\/www.google.com\/maps\/embed?pb=!1m18!1m12!1m3!1d2760.0867179978113!2d-72.62407562333748!3d46.22862017109681!2m3!1f0!2f0!3f0!3m2!1i1024!2i768!4f13.1!3m3!1m2!1s0x4cc7d179fd5a0965%3A0xfb46bc57a7448e2!2sOvation%20Danse!5e0!3m2!1sfr!2sus!4v1761744543549!5m2!1sfr!2sus\" width=\"600\" height=\"450\" style=\"border:0;\" allowfullscreen=\"\" loading=\"lazy\" referrerpolicy=\"no-referrer-when-downgrade\"><\/iframe>\t\t\t\t<\/div>\n\t\t\t\t<\/div>\n\t\t\t\t\t<\/div>\n\t\t<\/div>\n\t\t\t\t\t<\/div>\n\t\t<\/section>\n\t\t\t\t<\/div>","protected":false},"excerpt":{"rendered":"<p>Contactez-nous Besoin d&rsquo;infos ? Contactez-nous ! Adresse pour les cours:Coll\u00e8ge-Notre-Dame-de-l&rsquo;Assomption\u200b225 Saint-Jean-Baptiste, Nicolet, QC \u200e, J3T 0A2 1-855-375-0375 ovationdanse@gmail.com J&rsquo;accepte la politique de confidentialit\u00e9 du site.<\/p>","protected":false},"author":1,"featured_media":0,"parent":0,"menu_order":0,"comment_status":"closed","ping_status":"closed","template":"","meta":{"footnotes":""},"class_list":["post-1453","page","type-page","status-publish","hentry"],"yoast_head":"<!-- This site is optimized with the Yoast SEO plugin v26.4 - https:\/\/yoast.com\/wordpress\/plugins\/seo\/ -->\n<title>Contact - Ovation Danse<\/title>\n<meta name=\"description\" content=\"Vous trouverez le num\u00e9ro de t\u00e9l\u00e9phone, l&#039;adresse, les heures d&#039;ouverture et nos coordonn\u00e9es compl\u00e8tes sur cette page.\" \/>\n<meta name=\"robots\" content=\"index, follow, max-snippet:-1, max-image-preview:large, max-video-preview:-1\" \/>\n<link rel=\"canonical\" href=\"http:\/\/62.146.224.187\/contact\/\" \/>\n<meta property=\"og:locale\" content=\"en_US\" \/>\n<meta property=\"og:type\" content=\"article\" \/>\n<meta property=\"og:title\" content=\"Contact - Ovation Danse\" \/>\n<meta property=\"og:description\" content=\"Vous trouverez le num\u00e9ro de t\u00e9l\u00e9phone, l&#039;adresse, les heures d&#039;ouverture et nos coordonn\u00e9es compl\u00e8tes sur cette page.\" \/>\n<meta property=\"og:url\" content=\"http:\/\/62.146.224.187\/contact\/\" \/>\n<meta property=\"og:site_name\" content=\"Ovation Danse\" \/>\n<meta property=\"article:modified_time\" content=\"2025-12-08T22:30:08+00:00\" \/>\n<meta name=\"twitter:card\" content=\"summary_large_image\" \/>\n<meta name=\"twitter:label1\" content=\"Est. reading time\" \/>\n\t<meta name=\"twitter:data1\" content=\"1 minute\" \/>\n<script type=\"application\/ld+json\" class=\"yoast-schema-graph\">{\"@context\":\"https:\/\/schema.org\",\"@graph\":[{\"@type\":\"WebPage\",\"@id\":\"http:\/\/62.146.224.187\/contact\/\",\"url\":\"http:\/\/62.146.224.187\/contact\/\",\"name\":\"Contact - Ovation Danse\",\"isPartOf\":{\"@id\":\"https:\/\/ovationdanse.com\/#website\"},\"datePublished\":\"2020-04-30T11:12:41+00:00\",\"dateModified\":\"2025-12-08T22:30:08+00:00\",\"description\":\"Vous trouverez le num\u00e9ro de t\u00e9l\u00e9phone, l'adresse, les heures d'ouverture et nos coordonn\u00e9es compl\u00e8tes sur cette page.\",\"breadcrumb\":{\"@id\":\"http:\/\/62.146.224.187\/contact\/#breadcrumb\"},\"inLanguage\":\"en-US\",\"potentialAction\":[{\"@type\":\"ReadAction\",\"target\":[\"http:\/\/62.146.224.187\/contact\/\"]}]},{\"@type\":\"BreadcrumbList\",\"@id\":\"http:\/\/62.146.224.187\/contact\/#breadcrumb\",\"itemListElement\":[{\"@type\":\"ListItem\",\"position\":1,\"name\":\"Accueil\",\"item\":\"http:\/\/62.146.224.187\/\"},{\"@type\":\"ListItem\",\"position\":2,\"name\":\"Contact\"}]},{\"@type\":\"WebSite\",\"@id\":\"https:\/\/ovationdanse.com\/#website\",\"url\":\"https:\/\/ovationdanse.com\/\",\"name\":\"Ovation Danse\",\"description\":\"\u00c9cole de danse de Nicolet fond\u00e9e 2014\",\"publisher\":{\"@id\":\"https:\/\/ovationdanse.com\/#organization\"},\"potentialAction\":[{\"@type\":\"SearchAction\",\"target\":{\"@type\":\"EntryPoint\",\"urlTemplate\":\"https:\/\/ovationdanse.com\/?s={search_term_string}\"},\"query-input\":{\"@type\":\"PropertyValueSpecification\",\"valueRequired\":true,\"valueName\":\"search_term_string\"}}],\"inLanguage\":\"en-US\"},{\"@type\":\"Organization\",\"@id\":\"https:\/\/ovationdanse.com\/#organization\",\"name\":\"Ovation Danse\",\"url\":\"https:\/\/ovationdanse.com\/\",\"logo\":{\"@type\":\"ImageObject\",\"inLanguage\":\"en-US\",\"@id\":\"https:\/\/ovationdanse.com\/#\/schema\/logo\/image\/\",\"url\":\"https:\/\/ovationdanse.com\/wp-content\/uploads\/2023\/10\/Logo-danseurs-gris.png\",\"contentUrl\":\"https:\/\/ovationdanse.com\/wp-content\/uploads\/2023\/10\/Logo-danseurs-gris.png\",\"width\":1000,\"height\":1000,\"caption\":\"Ovation Danse\"},\"image\":{\"@id\":\"https:\/\/ovationdanse.com\/#\/schema\/logo\/image\/\"}}]}<\/script>\n<!-- \/ Yoast SEO plugin. -->","yoast_head_json":{"title":"Contact - Ovation Danse","description":"Vous trouverez le num\u00e9ro de t\u00e9l\u00e9phone, l'adresse, les heures d'ouverture et nos coordonn\u00e9es compl\u00e8tes sur cette page.","robots":{"index":"index","follow":"follow","max-snippet":"max-snippet:-1","max-image-preview":"max-image-preview:large","max-video-preview":"max-video-preview:-1"},"canonical":"http:\/\/62.146.224.187\/contact\/","og_locale":"en_US","og_type":"article","og_title":"Contact - Ovation Danse","og_description":"Vous trouverez le num\u00e9ro de t\u00e9l\u00e9phone, l'adresse, les heures d'ouverture et nos coordonn\u00e9es compl\u00e8tes sur cette page.","og_url":"http:\/\/62.146.224.187\/contact\/","og_site_name":"Ovation Danse","article_modified_time":"2025-12-08T22:30:08+00:00","twitter_card":"summary_large_image","twitter_misc":{"Est. reading time":"1 minute"},"schema":{"@context":"https:\/\/schema.org","@graph":[{"@type":"WebPage","@id":"http:\/\/62.146.224.187\/contact\/","url":"http:\/\/62.146.224.187\/contact\/","name":"Contact - Ovation Danse","isPartOf":{"@id":"https:\/\/ovationdanse.com\/#website"},"datePublished":"2020-04-30T11:12:41+00:00","dateModified":"2025-12-08T22:30:08+00:00","description":"Vous trouverez le num\u00e9ro de t\u00e9l\u00e9phone, l'adresse, les heures d'ouverture et nos coordonn\u00e9es compl\u00e8tes sur cette page.","breadcrumb":{"@id":"http:\/\/62.146.224.187\/contact\/#breadcrumb"},"inLanguage":"en-US","potentialAction":[{"@type":"ReadAction","target":["http:\/\/62.146.224.187\/contact\/"]}]},{"@type":"BreadcrumbList","@id":"http:\/\/62.146.224.187\/contact\/#breadcrumb","itemListElement":[{"@type":"ListItem","position":1,"name":"Accueil","item":"http:\/\/62.146.224.187\/"},{"@type":"ListItem","position":2,"name":"Contact"}]},{"@type":"WebSite","@id":"https:\/\/ovationdanse.com\/#website","url":"https:\/\/ovationdanse.com\/","name":"Ovation Danse","description":"\u00c9cole de danse de Nicolet fond\u00e9e 2014","publisher":{"@id":"https:\/\/ovationdanse.com\/#organization"},"potentialAction":[{"@type":"SearchAction","target":{"@type":"EntryPoint","urlTemplate":"https:\/\/ovationdanse.com\/?s={search_term_string}"},"query-input":{"@type":"PropertyValueSpecification","valueRequired":true,"valueName":"search_term_string"}}],"inLanguage":"en-US"},{"@type":"Organization","@id":"https:\/\/ovationdanse.com\/#organization","name":"Ovation Danse","url":"https:\/\/ovationdanse.com\/","logo":{"@type":"ImageObject","inLanguage":"en-US","@id":"https:\/\/ovationdanse.com\/#\/schema\/logo\/image\/","url":"https:\/\/ovationdanse.com\/wp-content\/uploads\/2023\/10\/Logo-danseurs-gris.png","contentUrl":"https:\/\/ovationdanse.com\/wp-content\/uploads\/2023\/10\/Logo-danseurs-gris.png","width":1000,"height":1000,"caption":"Ovation Danse"},"image":{"@id":"https:\/\/ovationdanse.com\/#\/schema\/logo\/image\/"}}]}},"_links":{"self":[{"href":"https:\/\/ovationdanse.com\/en\/wp-json\/wp\/v2\/pages\/1453","targetHints":{"allow":["GET"]}}],"collection":[{"href":"https:\/\/ovationdanse.com\/en\/wp-json\/wp\/v2\/pages"}],"about":[{"href":"https:\/\/ovationdanse.com\/en\/wp-json\/wp\/v2\/types\/page"}],"author":[{"embeddable":true,"href":"https:\/\/ovationdanse.com\/en\/wp-json\/wp\/v2\/users\/1"}],"replies":[{"embeddable":true,"href":"https:\/\/ovationdanse.com\/en\/wp-json\/wp\/v2\/comments?post=1453"}],"version-history":[{"count":32,"href":"https:\/\/ovationdanse.com\/en\/wp-json\/wp\/v2\/pages\/1453\/revisions"}],"predecessor-version":[{"id":47276,"href":"https:\/\/ovationdanse.com\/en\/wp-json\/wp\/v2\/pages\/1453\/revisions\/47276"}],"wp:attachment":[{"href":"https:\/\/ovationdanse.com\/en\/wp-json\/wp\/v2\/media?parent=1453"}],"curies":[{"name":"wp","href":"https:\/\/api.w.org\/{rel}","templated":true}]}}