{"id":17929,"date":"2022-05-13T18:01:23","date_gmt":"2022-05-13T18:01:23","guid":{"rendered":"http:\/\/62.146.224.187\/?page_id=17929"},"modified":"2025-12-08T08:21:08","modified_gmt":"2025-12-08T13:21:08","slug":"tarifs","status":"publish","type":"page","link":"https:\/\/ovationdanse.com\/en\/tarifs\/","title":{"rendered":"Rates"},"content":{"rendered":"<div data-elementor-type=\"wp-page\" data-elementor-id=\"17929\" class=\"elementor elementor-17929\">\n\t\t\t\t\t\t<section class=\"elementor-section elementor-top-section elementor-element elementor-element-4554999c elementor-section-boxed elementor-section-height-default elementor-section-height-default sc_fly_static\" data-id=\"4554999c\" data-element_type=\"section\">\n\t\t\t\t\t\t<div class=\"elementor-container elementor-column-gap-extended\">\n\t\t\t\t\t<div class=\"elementor-column elementor-col-100 elementor-top-column elementor-element elementor-element-7e80f376 sc_content_align_inherit sc_layouts_column_icons_position_left sc_fly_static\" data-id=\"7e80f376\" data-element_type=\"column\">\n\t\t\t<div class=\"elementor-widget-wrap elementor-element-populated\">\n\t\t\t\t\t\t<div class=\"elementor-element elementor-element-276d6def sc_height_huge sc_fly_static elementor-widget elementor-widget-spacer\" data-id=\"276d6def\" data-element_type=\"widget\" data-widget_type=\"spacer.default\">\n\t\t\t\t<div class=\"elementor-widget-container\">\n\t\t\t\t\t\t\t<div class=\"elementor-spacer\">\n\t\t\t<div class=\"elementor-spacer-inner\"><\/div>\n\t\t<\/div>\n\t\t\t\t\t\t<\/div>\n\t\t\t\t<\/div>\n\t\t\t\t\t<\/div>\n\t\t<\/div>\n\t\t\t\t\t<\/div>\n\t\t<\/section>\n\t\t\t\t<section class=\"elementor-section elementor-top-section elementor-element elementor-element-6be6f8dc scheme_light elementor-section-boxed elementor-section-height-default elementor-section-height-default sc_fly_static\" data-id=\"6be6f8dc\" data-element_type=\"section\" data-settings=\"{&quot;background_background&quot;:&quot;classic&quot;}\">\n\t\t\t\t\t\t<div class=\"elementor-container elementor-column-gap-extended\">\n\t\t\t\t\t<div class=\"elementor-column elementor-col-100 elementor-top-column elementor-element elementor-element-4db2116b sc_content_align_inherit sc_layouts_column_icons_position_left sc_fly_static\" data-id=\"4db2116b\" data-element_type=\"column\">\n\t\t\t<div class=\"elementor-widget-wrap elementor-element-populated\">\n\t\t\t\t\t\t<div class=\"elementor-element elementor-element-9b92734 sc_fly_static elementor-widget elementor-widget-trx_sc_table\" data-id=\"9b92734\" data-element_type=\"widget\" data-widget_type=\"trx_sc_table.default\">\n\t\t\t\t<div class=\"elementor-widget-container\">\n\t\t\t\t\t<div class=\"sc_table_wrap\"><div\t\tclass=\"sc_table sc_table_default trx_addons_inline_1258971633\" >*Prix en vigueur pour la saison automne-hiver 2025-2026. Ceux-ci peuvent \u00eatre modifi\u00e9s sans pr\u00e9-avis. \n\n\n<table cellspacing=\"0\" summary=\"Table\">\n<caption><\/caption>\n<thead>\n    <tr>\n      <th><\/th>\n      <th scope=\"col\">Automne <small>12 Cours<\/small><\/th>\n      <th scope=\"col\">Hiver <small>16 Cours + Spectacle<\/small> <\/th>\n      <th scope=\"col\">Admissibilit\u00e9 au rabais **<\/th>\n    <\/tr>\n\n  <\/thead>\n<tbody>\n<tr>\n<th colspan=\"4\">Recreational Program <br> <small>Ballet, Breakdance,Contemporain, Jazz, Hip-Hop et Pointes<\/small><\/th>\n<\/tr>\n<tr>\n<th>30 min<\/th>\n<td>104.50$<\/td>\n<td>136.25$<\/td>\n<td>Oui<\/td>\n<\/tr>\n<tr>\n<th>45 min<\/th>\n<td>139.00$<\/td>\n<td>185.25$<\/td>\n<td>Oui<\/td>\n<\/tr>\n<tr>\n<th>60 min<\/th>\n<td>173.50$<\/td>\n<td>249.00$<\/td>\n<td>Oui<\/td>\n<\/tr>\n<tr>\n<th>Pr\u00e9paration aux pointes <small>( 15 Min )<\/small><\/th>\n<td>39.50$<\/td>\n<td>54.00$ <small>*pas de spectacle<\/small><\/td>\n<td>Non<\/td>\n<\/tr>\n<tr>\n<th colspan=\"4\">Competitive Program <br> <small>Les prix peuvent change selon les frais de comp\u00e9titions et si la dur\u00e9e du cours est augment\u00e9e<\/small><\/th>\n<\/tr>\n<tr>\n<th>Pr\u00e9troupe Niveau 1 <br> <small>Enfants 2 styles (Contemporain et Hip-Hop)<\/small><\/th>\n<td>609,00$<\/td>\n<td>537,00$<\/td>\n<td>Non<\/td>\n<\/tr>\n<tr>\n<th>Pr\u00e9troupe Niveau 2 <br> <small>Enfants\/Adolescents, 2 styles (Contemporain et hip-hop)<\/small><\/th>\n<td>888.50$<\/td>\n<td>500.50$<\/td>\n<td>Non<\/td>\n<\/tr>\n<tr>\n<th>1 Troupe <br> <small>Adolescents, 2 styles (Contemporain et Hip-Hop )<\/small><\/th>\n<td>541,00$<\/td>\n<td>437,00$<\/td>\n<td>Non<\/td>\n<\/tr>\n<tr>\n<th>2 Troupe <br> <small>Adolescents, 2 styles (Contemporain et Hip-Hop )<\/small><\/th>\n<td>948.50$<\/td>\n<td>500.50$ <small>*pas de spectacle<\/small><\/td>\n<td>Non<\/td>\n<\/tr>\n<tr>\n<th>1 Troupe <br> <small>Adulte, 1 style (Contemporain o\u00f9 Hip-Hop)<\/small><\/th>\n<td>481.00$<\/td>\n<td>437.00$ <small>*pas de spectacle<\/small><\/td>\n<td>Non<\/td>\n<\/tr>\n<\/tbody>\n<\/table>\n<small style=\"display:block; text-align:center;\">\nTaxes en sus; <br>\nLocation du costume pour le spectacle<strong>incluse dans le prix;<\/strong> <br>\n\nCaption Vid\u00e9o du spectacle <strong>incluse<\/strong> dans le prix<br>\nPour les troupes: frais de comp\u00e9tition et cours obligatoires <strong>incluse<\/strong> dans le prix;\nAucuns frais suppl\u00e9mentaires (sauf la tenue pour les cours du  ballet.)\n<\/small><\/div><\/div>\t\t\t\t<\/div>\n\t\t\t\t<\/div>\n\t\t\t\t<div class=\"elementor-element elementor-element-0e57b60 sc_fly_static elementor-widget elementor-widget-text-editor\" data-id=\"0e57b60\" data-element_type=\"widget\" data-widget_type=\"text-editor.default\">\n\t\t\t\t<div class=\"elementor-widget-container\">\n\t\t\t\t\t\t\t\t\t<h5 class=\"font_7 wixui-rich-text__text\"><span class=\"wixui-rich-text__text\">* Pour conna\u00eetre la dur\u00e9e du cours qui vous int\u00e9resse, consultez l&rsquo;<a class=\"wixui-rich-text__text\" href=\"https:\/\/ovationdanse.com\/en\/horaire\/\" target=\"_self\">horaire<\/a>.\u00a0<\/span><\/h5>\t\t\t\t\t\t\t\t<\/div>\n\t\t\t\t<\/div>\n\t\t\t\t<div class=\"elementor-element elementor-element-84c4218 sc_height_huge sc_fly_static elementor-widget elementor-widget-spacer\" data-id=\"84c4218\" data-element_type=\"widget\" data-widget_type=\"spacer.default\">\n\t\t\t\t<div class=\"elementor-widget-container\">\n\t\t\t\t\t\t\t<div class=\"elementor-spacer\">\n\t\t\t<div class=\"elementor-spacer-inner\"><\/div>\n\t\t<\/div>\n\t\t\t\t\t\t<\/div>\n\t\t\t\t<\/div>\n\t\t\t\t\t<\/div>\n\t\t<\/div>\n\t\t\t\t\t<\/div>\n\t\t<\/section>\n\t\t\t\t<section class=\"elementor-section elementor-top-section elementor-element elementor-element-7197f1ad scheme_light elementor-section-boxed elementor-section-height-default elementor-section-height-default sc_fly_static\" data-id=\"7197f1ad\" data-element_type=\"section\" data-settings=\"{&quot;background_background&quot;:&quot;classic&quot;}\">\n\t\t\t\t\t\t<div class=\"elementor-container elementor-column-gap-extended\">\n\t\t\t\t\t<div class=\"elementor-column elementor-col-50 elementor-top-column elementor-element elementor-element-287207ad sc_content_align_inherit sc_layouts_column_icons_position_left sc_fly_static\" data-id=\"287207ad\" data-element_type=\"column\">\n\t\t\t<div class=\"elementor-widget-wrap elementor-element-populated\">\n\t\t\t\t\t\t<div class=\"elementor-element elementor-element-11b9fe47 sc_fly_static elementor-widget elementor-widget-trx_sc_title\" data-id=\"11b9fe47\" data-element_type=\"widget\" data-widget_type=\"trx_sc_title.default\">\n\t\t\t\t<div class=\"elementor-widget-container\">\n\t\t\t\t\t<div\t\tclass=\"sc_title sc_title_default\" ><h1 class=\"sc_item_title sc_title_title sc_item_title_style_default sc_item_title_tag\"\n\t\t\t><span class=\"sc_item_title_text\">FAQ<\/span><\/h1><\/div>\t\t\t\t<\/div>\n\t\t\t\t<\/div>\n\t\t\t\t\t<\/div>\n\t\t<\/div>\n\t\t\t\t<div class=\"elementor-column elementor-col-50 elementor-top-column elementor-element elementor-element-3aef2a8d sc_content_align_inherit sc_layouts_column_icons_position_left sc_fly_static\" data-id=\"3aef2a8d\" data-element_type=\"column\">\n\t\t\t<div class=\"elementor-widget-wrap elementor-element-populated\">\n\t\t\t\t\t\t<div class=\"elementor-element elementor-element-19bf634a sc_fly_static elementor-widget elementor-widget-toggle\" data-id=\"19bf634a\" data-element_type=\"widget\" data-widget_type=\"toggle.default\">\n\t\t\t\t<div class=\"elementor-widget-container\">\n\t\t\t\t\t\t\t<div class=\"elementor-toggle\">\n\t\t\t\t\t\t\t<div class=\"elementor-toggle-item\">\n\t\t\t\t\t<h5 id=\"elementor-tab-title-4311\" class=\"elementor-tab-title\" data-tab=\"1\" role=\"button\" aria-controls=\"elementor-tab-content-4311\" aria-expanded=\"false\">\n\t\t\t\t\t\t\t\t\t\t\t\t<span class=\"elementor-toggle-icon elementor-toggle-icon-right\" aria-hidden=\"true\">\n\t\t\t\t\t\t\t\t\t\t\t\t\t\t\t<span class=\"elementor-toggle-icon-closed\"><i class=\"fas fa-plus\"><\/i><\/span>\n\t\t\t\t\t\t\t\t<span class=\"elementor-toggle-icon-opened\"><i class=\"elementor-toggle-icon-opened fas fa-minus\"><\/i><\/span>\n\t\t\t\t\t\t\t\t\t\t\t\t\t<\/span>\n\t\t\t\t\t\t\t\t\t\t\t\t<a class=\"elementor-toggle-title\" tabindex=\"0\">Dance Supplies (Ballet)<\/a>\n\t\t\t\t\t<\/h5>\n\n\t\t\t\t\t<div id=\"elementor-tab-content-4311\" class=\"elementor-tab-content elementor-clearfix\" data-tab=\"1\" role=\"region\" aria-labelledby=\"elementor-tab-title-4311\"><p class=\"font_7 wixui-rich-text__text\"><span class=\"wixui-rich-text__text\">Il est possible de se procurer la tenue vestimentaire obligatoire pour les cours de ballet lors de la journ\u00e9e d&rsquo;inscription. Les prix seront affich\u00e9s \u00e0 ce moment. Ovation Danse a \u00e0 c\u0153ur de vendre ces fournitures de qualit\u00e9 \u00e0 bon prix. Par contre, vous pouvez acheter l&rsquo;uniforme de ballet ailleurs, en autant qu&rsquo;ils soit identique. Pour vous r\u00e9f\u00e9rer \u00e0 la tenue vestimentaire obligatoire, veuillez consulter l&rsquo;onglet\u00a0<a class=\"wixui-rich-text__text\" href=\"https:\/\/ovationdanse.com\/en\/politique\/\" target=\"_self\">Politique<\/a>.<\/span><\/p><p class=\"font_7 wixui-rich-text__text\"><span class=\"wixui-rich-text__text\">\u00c0 ce sujet, Ovation Danse a d\u00e9marr\u00e9 d\u00e8s l&rsquo;automne 2015 une\u00a0FRIPERIE\u00a0pour les v\u00eatements de ballet. Les \u00e9l\u00e8ves peuvent ainsi se procurer des v\u00eatements de danse de seconde-mains \u00e0 petits prix. \u00a0De plus, en l\u00e9guant vos vieilles fournitures de ballet \u00e0 la friperie, vous b\u00e9n\u00e9ficiez d&rsquo;un rabais sur nos v\u00eatements promotionnels. \u200b\u200b\u200b<\/span><\/p><p class=\"font_7 wixui-rich-text__text\">\u00a0<\/p><\/div>\n\t\t\t\t<\/div>\n\t\t\t\t\t\t\t<div class=\"elementor-toggle-item\">\n\t\t\t\t\t<h5 id=\"elementor-tab-title-4312\" class=\"elementor-tab-title\" data-tab=\"2\" role=\"button\" aria-controls=\"elementor-tab-content-4312\" aria-expanded=\"false\">\n\t\t\t\t\t\t\t\t\t\t\t\t<span class=\"elementor-toggle-icon elementor-toggle-icon-right\" aria-hidden=\"true\">\n\t\t\t\t\t\t\t\t\t\t\t\t\t\t\t<span class=\"elementor-toggle-icon-closed\"><i class=\"fas fa-plus\"><\/i><\/span>\n\t\t\t\t\t\t\t\t<span class=\"elementor-toggle-icon-opened\"><i class=\"elementor-toggle-icon-opened fas fa-minus\"><\/i><\/span>\n\t\t\t\t\t\t\t\t\t\t\t\t\t<\/span>\n\t\t\t\t\t\t\t\t\t\t\t\t<a class=\"elementor-toggle-title\" tabindex=\"0\">Performance Video<\/a>\n\t\t\t\t\t<\/h5>\n\n\t\t\t\t\t<div id=\"elementor-tab-content-4312\" class=\"elementor-tab-content elementor-clearfix\" data-tab=\"2\" role=\"region\" aria-labelledby=\"elementor-tab-title-4312\"><p class=\"font_7 wixui-rich-text__text\"><span class=\"wixui-rich-text__text\">A video recording of the performance is graciously provided by the school.<\/span><\/p><\/div>\n\t\t\t\t<\/div>\n\t\t\t\t\t\t\t<div class=\"elementor-toggle-item\">\n\t\t\t\t\t<h5 id=\"elementor-tab-title-4313\" class=\"elementor-tab-title\" data-tab=\"3\" role=\"button\" aria-controls=\"elementor-tab-content-4313\" aria-expanded=\"false\">\n\t\t\t\t\t\t\t\t\t\t\t\t<span class=\"elementor-toggle-icon elementor-toggle-icon-right\" aria-hidden=\"true\">\n\t\t\t\t\t\t\t\t\t\t\t\t\t\t\t<span class=\"elementor-toggle-icon-closed\"><i class=\"fas fa-plus\"><\/i><\/span>\n\t\t\t\t\t\t\t\t<span class=\"elementor-toggle-icon-opened\"><i class=\"elementor-toggle-icon-opened fas fa-minus\"><\/i><\/span>\n\t\t\t\t\t\t\t\t\t\t\t\t\t<\/span>\n\t\t\t\t\t\t\t\t\t\t\t\t<a class=\"elementor-toggle-title\" tabindex=\"0\">Photos<\/a>\n\t\t\t\t\t<\/h5>\n\n\t\t\t\t\t<div id=\"elementor-tab-content-4313\" class=\"elementor-tab-content elementor-clearfix\" data-tab=\"3\" role=\"region\" aria-labelledby=\"elementor-tab-title-4313\"><div style=\"display:flex; gap:10px;\">\n<img fetchpriority=\"high\" decoding=\"async\" class=\"alignnone size-medium wp-image-46841\" src=\"https:\/\/ovationdanse.com\/wp-content\/uploads\/2025\/10\/16294DAC-4248-4D39-B200-19C3BFF64DCF_JPG-300x300.webp\" alt=\"\" width=\"300\" height=\"300\" srcset=\"https:\/\/ovationdanse.com\/wp-content\/uploads\/2025\/10\/16294DAC-4248-4D39-B200-19C3BFF64DCF_JPG-300x300.webp 300w, https:\/\/ovationdanse.com\/wp-content\/uploads\/2025\/10\/16294DAC-4248-4D39-B200-19C3BFF64DCF_JPG-150x150.webp 150w, https:\/\/ovationdanse.com\/wp-content\/uploads\/2025\/10\/16294DAC-4248-4D39-B200-19C3BFF64DCF_JPG-12x12.webp 12w, https:\/\/ovationdanse.com\/wp-content\/uploads\/2025\/10\/16294DAC-4248-4D39-B200-19C3BFF64DCF_JPG-370x370.webp 370w, https:\/\/ovationdanse.com\/wp-content\/uploads\/2025\/10\/16294DAC-4248-4D39-B200-19C3BFF64DCF_JPG-120x120.webp 120w, https:\/\/ovationdanse.com\/wp-content\/uploads\/2025\/10\/16294DAC-4248-4D39-B200-19C3BFF64DCF_JPG.webp 397w\" sizes=\"(max-width: 300px) 100vw, 300px\" \/>\n<p class=\"font_7 wixui-rich-text__text translation-block\"><span class=\"wixui-rich-text__text\">Professional quality photos will be available for purchase during the show. The photographer in charge is Catherine Loranger, and you can visit her portfolio at <a class=\"wixui-rich-text__text\" href=\"http:\/\/www.catherineloranger.com\/\" target=\"_blank\" rel=\"noreferrer noopener\">www.catherineloranger.com<\/a>. Details will be sent out during the winter session.<\/span><\/p>\n\n<\/div>\n<\/div>\n\t\t\t\t<\/div>\n\t\t\t\t\t\t\t\t<\/div>\n\t\t\t\t\t\t<\/div>\n\t\t\t\t<\/div>\n\t\t\t\t\t<\/div>\n\t\t<\/div>\n\t\t\t\t\t<\/div>\n\t\t<\/section>\n\t\t\t\t<section class=\"elementor-section elementor-top-section elementor-element elementor-element-49bade35 scheme_light elementor-section-boxed elementor-section-height-default elementor-section-height-default sc_fly_static\" data-id=\"49bade35\" data-element_type=\"section\" data-settings=\"{&quot;background_background&quot;:&quot;classic&quot;}\">\n\t\t\t\t\t\t<div class=\"elementor-container elementor-column-gap-extended\">\n\t\t\t\t\t<div class=\"elementor-column elementor-col-100 elementor-top-column elementor-element elementor-element-52f20f49 sc_content_align_inherit sc_layouts_column_icons_position_left sc_fly_static\" data-id=\"52f20f49\" data-element_type=\"column\">\n\t\t\t<div class=\"elementor-widget-wrap elementor-element-populated\">\n\t\t\t\t\t\t<div class=\"elementor-element elementor-element-46d3aaee sc_height_huge sc_fly_static elementor-widget elementor-widget-spacer\" data-id=\"46d3aaee\" data-element_type=\"widget\" data-widget_type=\"spacer.default\">\n\t\t\t\t<div class=\"elementor-widget-container\">\n\t\t\t\t\t\t\t<div class=\"elementor-spacer\">\n\t\t\t<div class=\"elementor-spacer-inner\"><\/div>\n\t\t<\/div>\n\t\t\t\t\t\t<\/div>\n\t\t\t\t<\/div>\n\t\t\t\t\t<\/div>\n\t\t<\/div>\n\t\t\t\t\t<\/div>\n\t\t<\/section>\n\t\t\t\t<\/div>","protected":false},"excerpt":{"rendered":"<p>*Prix en vigueur pour la saison automne-hiver 2025-2026. Ceux-ci peuvent \u00eatre modifi\u00e9s sans pr\u00e9-avis. Automne 12 Cours Hiver 16 Cours + Spectacle Admissibilit\u00e9 au rabais ** Volet R\u00e9cr\u00e9atif Ballet, Breakdance,Contemporain,&hellip;<\/p>","protected":false},"author":1,"featured_media":0,"parent":0,"menu_order":0,"comment_status":"closed","ping_status":"closed","template":"elementor_theme","meta":{"footnotes":""},"class_list":["post-17929","page","type-page","status-publish","hentry"],"yoast_head":"<!-- This site is optimized with the Yoast SEO plugin v26.4 - https:\/\/yoast.com\/wordpress\/plugins\/seo\/ -->\n<title>Tarifs - Ovation Danse<\/title>\n<meta name=\"robots\" content=\"index, follow, max-snippet:-1, max-image-preview:large, max-video-preview:-1\" \/>\n<link rel=\"canonical\" href=\"http:\/\/62.146.224.187\/tarifs\/\" \/>\n<meta property=\"og:locale\" content=\"en_US\" \/>\n<meta property=\"og:type\" content=\"article\" \/>\n<meta property=\"og:title\" content=\"Tarifs - Ovation Danse\" \/>\n<meta property=\"og:description\" content=\"*Prix en vigueur pour la saison automne-hiver 2025-2026. Ceux-ci peuvent \u00eatre modifi\u00e9s sans pr\u00e9-avis. Automne 12 Cours Hiver 16 Cours + Spectacle Admissibilit\u00e9 au rabais ** Volet R\u00e9cr\u00e9atif Ballet, Breakdance,Contemporain,&hellip;\" \/>\n<meta property=\"og:url\" content=\"http:\/\/62.146.224.187\/tarifs\/\" \/>\n<meta property=\"og:site_name\" content=\"Ovation Danse\" \/>\n<meta property=\"article:modified_time\" content=\"2025-12-08T13:21:08+00:00\" \/>\n<meta property=\"og:image\" content=\"https:\/\/ovationdanse.com\/wp-content\/uploads\/2025\/10\/16294DAC-4248-4D39-B200-19C3BFF64DCF_JPG.webp\" \/>\n\t<meta property=\"og:image:width\" content=\"397\" \/>\n\t<meta property=\"og:image:height\" content=\"396\" \/>\n\t<meta property=\"og:image:type\" content=\"image\/webp\" \/>\n<meta name=\"twitter:card\" content=\"summary_large_image\" \/>\n<meta name=\"twitter:label1\" content=\"Est. reading time\" \/>\n\t<meta name=\"twitter:data1\" content=\"3 minutes\" \/>\n<script type=\"application\/ld+json\" class=\"yoast-schema-graph\">{\"@context\":\"https:\/\/schema.org\",\"@graph\":[{\"@type\":\"WebPage\",\"@id\":\"http:\/\/62.146.224.187\/tarifs\/\",\"url\":\"http:\/\/62.146.224.187\/tarifs\/\",\"name\":\"Tarifs - Ovation Danse\",\"isPartOf\":{\"@id\":\"https:\/\/ovationdanse.com\/#website\"},\"primaryImageOfPage\":{\"@id\":\"http:\/\/62.146.224.187\/tarifs\/#primaryimage\"},\"image\":{\"@id\":\"http:\/\/62.146.224.187\/tarifs\/#primaryimage\"},\"thumbnailUrl\":\"https:\/\/ovationdanse.com\/wp-content\/uploads\/2025\/10\/16294DAC-4248-4D39-B200-19C3BFF64DCF_JPG-300x300.webp\",\"datePublished\":\"2022-05-13T18:01:23+00:00\",\"dateModified\":\"2025-12-08T13:21:08+00:00\",\"breadcrumb\":{\"@id\":\"http:\/\/62.146.224.187\/tarifs\/#breadcrumb\"},\"inLanguage\":\"en-US\",\"potentialAction\":[{\"@type\":\"ReadAction\",\"target\":[\"http:\/\/62.146.224.187\/tarifs\/\"]}]},{\"@type\":\"ImageObject\",\"inLanguage\":\"en-US\",\"@id\":\"http:\/\/62.146.224.187\/tarifs\/#primaryimage\",\"url\":\"https:\/\/ovationdanse.com\/wp-content\/uploads\/2025\/10\/16294DAC-4248-4D39-B200-19C3BFF64DCF_JPG-300x300.webp\",\"contentUrl\":\"https:\/\/ovationdanse.com\/wp-content\/uploads\/2025\/10\/16294DAC-4248-4D39-B200-19C3BFF64DCF_JPG-300x300.webp\"},{\"@type\":\"BreadcrumbList\",\"@id\":\"http:\/\/62.146.224.187\/tarifs\/#breadcrumb\",\"itemListElement\":[{\"@type\":\"ListItem\",\"position\":1,\"name\":\"Accueil\",\"item\":\"http:\/\/62.146.224.187\/\"},{\"@type\":\"ListItem\",\"position\":2,\"name\":\"Tarifs\"}]},{\"@type\":\"WebSite\",\"@id\":\"https:\/\/ovationdanse.com\/#website\",\"url\":\"https:\/\/ovationdanse.com\/\",\"name\":\"Ovation Danse\",\"description\":\"\u00c9cole de danse de Nicolet fond\u00e9e 2014\",\"publisher\":{\"@id\":\"https:\/\/ovationdanse.com\/#organization\"},\"potentialAction\":[{\"@type\":\"SearchAction\",\"target\":{\"@type\":\"EntryPoint\",\"urlTemplate\":\"https:\/\/ovationdanse.com\/?s={search_term_string}\"},\"query-input\":{\"@type\":\"PropertyValueSpecification\",\"valueRequired\":true,\"valueName\":\"search_term_string\"}}],\"inLanguage\":\"en-US\"},{\"@type\":\"Organization\",\"@id\":\"https:\/\/ovationdanse.com\/#organization\",\"name\":\"Ovation Danse\",\"url\":\"https:\/\/ovationdanse.com\/\",\"logo\":{\"@type\":\"ImageObject\",\"inLanguage\":\"en-US\",\"@id\":\"https:\/\/ovationdanse.com\/#\/schema\/logo\/image\/\",\"url\":\"https:\/\/ovationdanse.com\/wp-content\/uploads\/2023\/10\/Logo-danseurs-gris.png\",\"contentUrl\":\"https:\/\/ovationdanse.com\/wp-content\/uploads\/2023\/10\/Logo-danseurs-gris.png\",\"width\":1000,\"height\":1000,\"caption\":\"Ovation Danse\"},\"image\":{\"@id\":\"https:\/\/ovationdanse.com\/#\/schema\/logo\/image\/\"}}]}<\/script>\n<!-- \/ Yoast SEO plugin. -->","yoast_head_json":{"title":"Tarifs - Ovation Danse","robots":{"index":"index","follow":"follow","max-snippet":"max-snippet:-1","max-image-preview":"max-image-preview:large","max-video-preview":"max-video-preview:-1"},"canonical":"http:\/\/62.146.224.187\/tarifs\/","og_locale":"en_US","og_type":"article","og_title":"Tarifs - Ovation Danse","og_description":"*Prix en vigueur pour la saison automne-hiver 2025-2026. Ceux-ci peuvent \u00eatre modifi\u00e9s sans pr\u00e9-avis. Automne 12 Cours Hiver 16 Cours + Spectacle Admissibilit\u00e9 au rabais ** Volet R\u00e9cr\u00e9atif Ballet, Breakdance,Contemporain,&hellip;","og_url":"http:\/\/62.146.224.187\/tarifs\/","og_site_name":"Ovation Danse","article_modified_time":"2025-12-08T13:21:08+00:00","og_image":[{"width":397,"height":396,"url":"https:\/\/ovationdanse.com\/wp-content\/uploads\/2025\/10\/16294DAC-4248-4D39-B200-19C3BFF64DCF_JPG.webp","type":"image\/webp"}],"twitter_card":"summary_large_image","twitter_misc":{"Est. reading time":"3 minutes"},"schema":{"@context":"https:\/\/schema.org","@graph":[{"@type":"WebPage","@id":"http:\/\/62.146.224.187\/tarifs\/","url":"http:\/\/62.146.224.187\/tarifs\/","name":"Tarifs - Ovation Danse","isPartOf":{"@id":"https:\/\/ovationdanse.com\/#website"},"primaryImageOfPage":{"@id":"http:\/\/62.146.224.187\/tarifs\/#primaryimage"},"image":{"@id":"http:\/\/62.146.224.187\/tarifs\/#primaryimage"},"thumbnailUrl":"https:\/\/ovationdanse.com\/wp-content\/uploads\/2025\/10\/16294DAC-4248-4D39-B200-19C3BFF64DCF_JPG-300x300.webp","datePublished":"2022-05-13T18:01:23+00:00","dateModified":"2025-12-08T13:21:08+00:00","breadcrumb":{"@id":"http:\/\/62.146.224.187\/tarifs\/#breadcrumb"},"inLanguage":"en-US","potentialAction":[{"@type":"ReadAction","target":["http:\/\/62.146.224.187\/tarifs\/"]}]},{"@type":"ImageObject","inLanguage":"en-US","@id":"http:\/\/62.146.224.187\/tarifs\/#primaryimage","url":"https:\/\/ovationdanse.com\/wp-content\/uploads\/2025\/10\/16294DAC-4248-4D39-B200-19C3BFF64DCF_JPG-300x300.webp","contentUrl":"https:\/\/ovationdanse.com\/wp-content\/uploads\/2025\/10\/16294DAC-4248-4D39-B200-19C3BFF64DCF_JPG-300x300.webp"},{"@type":"BreadcrumbList","@id":"http:\/\/62.146.224.187\/tarifs\/#breadcrumb","itemListElement":[{"@type":"ListItem","position":1,"name":"Accueil","item":"http:\/\/62.146.224.187\/"},{"@type":"ListItem","position":2,"name":"Tarifs"}]},{"@type":"WebSite","@id":"https:\/\/ovationdanse.com\/#website","url":"https:\/\/ovationdanse.com\/","name":"Ovation Danse","description":"\u00c9cole de danse de Nicolet fond\u00e9e 2014","publisher":{"@id":"https:\/\/ovationdanse.com\/#organization"},"potentialAction":[{"@type":"SearchAction","target":{"@type":"EntryPoint","urlTemplate":"https:\/\/ovationdanse.com\/?s={search_term_string}"},"query-input":{"@type":"PropertyValueSpecification","valueRequired":true,"valueName":"search_term_string"}}],"inLanguage":"en-US"},{"@type":"Organization","@id":"https:\/\/ovationdanse.com\/#organization","name":"Ovation Danse","url":"https:\/\/ovationdanse.com\/","logo":{"@type":"ImageObject","inLanguage":"en-US","@id":"https:\/\/ovationdanse.com\/#\/schema\/logo\/image\/","url":"https:\/\/ovationdanse.com\/wp-content\/uploads\/2023\/10\/Logo-danseurs-gris.png","contentUrl":"https:\/\/ovationdanse.com\/wp-content\/uploads\/2023\/10\/Logo-danseurs-gris.png","width":1000,"height":1000,"caption":"Ovation Danse"},"image":{"@id":"https:\/\/ovationdanse.com\/#\/schema\/logo\/image\/"}}]}},"_links":{"self":[{"href":"https:\/\/ovationdanse.com\/en\/wp-json\/wp\/v2\/pages\/17929","targetHints":{"allow":["GET"]}}],"collection":[{"href":"https:\/\/ovationdanse.com\/en\/wp-json\/wp\/v2\/pages"}],"about":[{"href":"https:\/\/ovationdanse.com\/en\/wp-json\/wp\/v2\/types\/page"}],"author":[{"embeddable":true,"href":"https:\/\/ovationdanse.com\/en\/wp-json\/wp\/v2\/users\/1"}],"replies":[{"embeddable":true,"href":"https:\/\/ovationdanse.com\/en\/wp-json\/wp\/v2\/comments?post=17929"}],"version-history":[{"count":51,"href":"https:\/\/ovationdanse.com\/en\/wp-json\/wp\/v2\/pages\/17929\/revisions"}],"predecessor-version":[{"id":47606,"href":"https:\/\/ovationdanse.com\/en\/wp-json\/wp\/v2\/pages\/17929\/revisions\/47606"}],"wp:attachment":[{"href":"https:\/\/ovationdanse.com\/en\/wp-json\/wp\/v2\/media?parent=17929"}],"curies":[{"name":"wp","href":"https:\/\/api.w.org\/{rel}","templated":true}]}}