{"id":46950,"date":"2025-11-03T11:06:06","date_gmt":"2025-11-03T10:06:06","guid":{"rendered":"http:\/\/62.146.224.187\/?page_id=46950"},"modified":"2025-11-03T11:09:53","modified_gmt":"2025-11-03T10:09:53","slug":"politiques","status":"publish","type":"page","link":"https:\/\/ovationdanse.com\/en\/politiques\/","title":{"rendered":"Politiques"},"content":{"rendered":"<div data-elementor-type=\"wp-page\" data-elementor-id=\"46950\" class=\"elementor elementor-46950\">\n\t\t\t\t\t\t<section class=\"elementor-section elementor-top-section elementor-element elementor-element-4842172a elementor-section-boxed elementor-section-height-default elementor-section-height-default sc_fly_static\" data-id=\"4842172a\" data-element_type=\"section\">\n\t\t\t\t\t\t<div class=\"elementor-container elementor-column-gap-extended\">\n\t\t\t\t\t<div class=\"elementor-column elementor-col-100 elementor-top-column elementor-element elementor-element-7e45a0e2 sc_content_align_inherit sc_layouts_column_icons_position_left sc_fly_static\" data-id=\"7e45a0e2\" data-element_type=\"column\">\n\t\t\t<div class=\"elementor-widget-wrap elementor-element-populated\">\n\t\t\t\t\t\t<div class=\"elementor-element elementor-element-4b0fedb1 sc_height_huge sc_fly_static elementor-widget elementor-widget-spacer\" data-id=\"4b0fedb1\" data-element_type=\"widget\" data-widget_type=\"spacer.default\">\n\t\t\t\t<div class=\"elementor-widget-container\">\n\t\t\t\t\t\t\t<div class=\"elementor-spacer\">\n\t\t\t<div class=\"elementor-spacer-inner\"><\/div>\n\t\t<\/div>\n\t\t\t\t\t\t<\/div>\n\t\t\t\t<\/div>\n\t\t\t\t\t<\/div>\n\t\t<\/div>\n\t\t\t\t\t<\/div>\n\t\t<\/section>\n\t\t\t\t<section class=\"elementor-section elementor-top-section elementor-element elementor-element-7f7f2cc4 elementor-section-boxed elementor-section-height-default elementor-section-height-default sc_fly_static\" data-id=\"7f7f2cc4\" data-element_type=\"section\">\n\t\t\t\t\t\t<div class=\"elementor-container elementor-column-gap-extended\">\n\t\t\t\t\t<div class=\"elementor-column elementor-col-100 elementor-top-column elementor-element elementor-element-14bfba8e sc_content_align_inherit sc_layouts_column_icons_position_left sc_fly_static\" data-id=\"14bfba8e\" data-element_type=\"column\">\n\t\t\t<div class=\"elementor-widget-wrap elementor-element-populated\">\n\t\t\t\t\t\t<div class=\"elementor-element elementor-element-7142da20 sc_fly_static elementor-widget elementor-widget-text-editor\" data-id=\"7142da20\" data-element_type=\"widget\" data-widget_type=\"text-editor.default\">\n\t\t\t\t<div class=\"elementor-widget-container\">\n\t\t\t\t\t\t\t\t\t<article class=\"text-token-text-primary w-full focus:outline-none [--shadow-height:45px] has-data-writing-block:pointer-events-none has-data-writing-block:-mt-(--shadow-height) has-data-writing-block:pt-(--shadow-height) [&amp;:has([data-writing-block])&gt;*]:pointer-events-auto [content-visibility:auto] supports-[content-visibility:auto]:[contain-intrinsic-size:auto_100lvh] scroll-mt-[calc(var(--header-height)+min(200px,max(70px,20svh)))]\" dir=\"auto\" tabindex=\"-1\" data-turn-id=\"request-69070818-5e14-8328-9a3a-ad3e8a5b3290-13\" data-testid=\"conversation-turn-64\" data-scroll-anchor=\"true\" data-turn=\"assistant\">\n<div class=\"text-base my-auto mx-auto pb-10 [--thread-content-margin:--spacing(4)] thread-sm:[--thread-content-margin:--spacing(6)] thread-lg:[--thread-content-margin:--spacing(16)] px-(--thread-content-margin)\">\n<div class=\"[--thread-content-max-width:40rem] thread-lg:[--thread-content-max-width:48rem] mx-auto max-w-(--thread-content-max-width) flex-1 group\/turn-messages focus-visible:outline-hidden relative flex w-full min-w-0 flex-col agent-turn\" tabindex=\"-1\">\n<div class=\"flex max-w-full flex-col grow\">\n<div class=\"min-h-8 text-message relative flex w-full flex-col items-end gap-2 text-start break-words whitespace-normal [.text-message+&amp;]:mt-1\" dir=\"auto\" data-message-author-role=\"assistant\" data-message-id=\"98c7918c-bd0a-433e-9f13-069690b285e5\" data-message-model-slug=\"gpt-5-mini\">\n<div class=\"flex w-full flex-col gap-1 empty:hidden first:pt-[1px]\">\n<div class=\"markdown prose dark:prose-invert w-full break-words dark markdown-new-styling\">\n<h2 class=\"font_2 wixui-rich-text__text\"><span class=\"wixui-rich-text__text\">Politiques<\/span><\/h2>\n<main id=\"PAGES_CONTAINER\" class=\"PAGES_CONTAINER\" tabindex=\"-1\" data-main-content=\"true\">\n<div id=\"SITE_PAGES\" class=\"JsJXaX SITE_PAGES\">\n<div id=\"SITE_PAGES_TRANSITION_GROUP\" class=\"AnQkDU\">\n<div id=\"c1hbz\" class=\"dBAkHi c1hbz\">\n<div class=\"HT5ybB\">\n<div id=\"Containerc1hbz\" class=\"Containerc1hbz SPY_vo\">\n<div class=\"\" data-mesh-id=\"Containerc1hbzinlineContent\" data-testid=\"inline-content\">\n<div data-mesh-id=\"Containerc1hbzinlineContent-gridContainer\" data-testid=\"mesh-container-content\">\n<section id=\"comp-lb9peor11\" class=\"Oqnisf comp-lb9peor11 wixui-section\" tabindex=\"-1\" data-block-level-container=\"ClassicSection\">\n<div class=\"\" data-mesh-id=\"comp-lb9peor11inlineContent\" data-testid=\"inline-content\">\n<div data-mesh-id=\"comp-lb9peor11inlineContent-gridContainer\" data-testid=\"mesh-container-content\">\n<div id=\"comp-iv8nxv70\" class=\"jbrj02 comp-iv8nxv70\">\n<div class=\"\" data-mesh-id=\"comp-iv8nxv70inlineContent\" data-testid=\"inline-content\">\n<div data-mesh-id=\"comp-iv8nxv70inlineContent-gridContainer\" data-testid=\"mesh-container-content\">\n<div id=\"hx0fbgb2\" class=\"Z_l5lU ku3DBC zQ9jDz qvSjx3 Vq6kJx hx0fbgb2 wixui-rich-text\" data-testid=\"richTextElement\">\n<h3 class=\"font_8 wixui-rich-text__text\"><span class=\"wixui-rich-text__text\"><span class=\"color_36 wixui-rich-text__text\">Paiements<\/span><\/span><\/h3>\n<ul class=\"color_36 wixui-rich-text__text\">\n<li class=\"wixui-rich-text__text\">\n<p class=\"font_8 wixui-rich-text__text\"><span class=\"wixui-rich-text__text\"><span class=\"color_36 wixui-rich-text__text\">Les modes de paiement accept\u00e9s sont les cartes de cr\u00e9dits et les virements Interac via la plate-forme d&rsquo;inscription en ligne.<\/span><\/span><\/p>\n<\/li>\n<li class=\"wixui-rich-text__text\">\n<p class=\"font_8 wixui-rich-text__text\"><span class=\"wixui-rich-text__text\"><span class=\"color_36 wixui-rich-text__text\">Il est possible d\u2019acquitter le solde sur plusieurs versements.<\/span><\/span><\/p>\n<\/li>\n<\/ul>\n<h3 class=\"font_8 wixui-rich-text__text\"><span class=\"wixui-rich-text__text\"><span class=\"color_36 wixui-rich-text__text\">Annulation d\u2019inscriptions<\/span><\/span><\/h3>\n<ul class=\"color_36 wixui-rich-text__text\">\n<li class=\"wixui-rich-text__text\">\n<p class=\"font_8 wixui-rich-text__text\"><span class=\"wixui-rich-text__text\"><span class=\"color_36 wixui-rich-text__text\">S\u2019il vous plait, veuillez nous aviser si vous d\u00e9cidez d\u2019abandonner vos cours. Il est important que nous sachions ces informations afin de coordonner le spectacle et les costumes.<\/span><\/span><\/p>\n<\/li>\n<li class=\"wixui-rich-text__text\">\n<p class=\"font_8 wixui-rich-text__text\"><span class=\"wixui-rich-text__text\"><span class=\"color_36 wixui-rich-text__text\">Si vous annulez l\u2019inscription apr\u00e8s la premi\u00e8re semaine de classe, nous remboursons la totalit\u00e9 du paiement.<\/span><\/span><\/p>\n<\/li>\n<li class=\"wixui-rich-text__text\">\n<p class=\"font_8 wixui-rich-text__text\"><span class=\"wixui-rich-text__text\"><span class=\"color_36 wixui-rich-text__text\">Si vous annulez l\u2019inscription apr\u00e8s la deuxi\u00e8me semaine de classe, vous devez payer les cours suivis et 10% du prix des cours non suivis.<\/span><\/span><\/p>\n<\/li>\n<\/ul>\n<h3 class=\"font_8 wixui-rich-text__text\"><span class=\"wixui-rich-text__text\"><span class=\"color_36 wixui-rich-text__text\">Tenue vestimentaire<\/span><\/span><\/h3>\n<ul class=\"color_36 wixui-rich-text__text\">\n<li class=\"wixui-rich-text__text\">\n<p class=\"font_8 wixui-rich-text__text\"><span class=\"wixui-rich-text__text\"><span class=\"color_36 wixui-rich-text__text\">Pour les cours de ballet, la tenue obligatoire minimale est compos\u00e9e des chaussons, de la paire de collants et du maillot. Ces articles sont disponibles aupr\u00e8s d\u2019Ovation Danse. Si vous voulez faire l\u2019acquisition de vos articles par vous-m\u00eames, vous devez vous assurer que le mod\u00e8le et la couleur soient identiques \u00e0 ceux procur\u00e9s par Ovation Danse. Le port du tutu ou de la jupe porte feuille est facultatif.<\/span><\/span><\/p>\n<\/li>\n<li class=\"wixui-rich-text__text\">\n<p class=\"font_8 wixui-rich-text__text\"><span class=\"wixui-rich-text__text\"><span class=\"color_36 wixui-rich-text__text\">Pour les cours de contemporain, vous devez porter des v\u00eatements souples et ajust\u00e9s.<\/span><\/span><\/p>\n<\/li>\n<li class=\"wixui-rich-text__text\">\n<p class=\"font_8 wixui-rich-text__text\"><span class=\"wixui-rich-text__text\"><span class=\"color_36 wixui-rich-text__text\">Pour les cours de hip-hop\/break dance, vous devez porter des v\u00eatements souples et amples, ainsi que des espadrilles.<\/span><\/span><\/p>\n<\/li>\n<li class=\"wixui-rich-text__text\">\n<p class=\"font_8 wixui-rich-text__text\"><span class=\"wixui-rich-text__text\"><span class=\"color_36 wixui-rich-text__text\">En tout temps, les cheveux doivent \u00eatre attach\u00e9s. En ballet, le chignon est recommand\u00e9, mais n\u2019est pas obligatoire.<\/span><\/span><\/p>\n<\/li>\n<li class=\"wixui-rich-text__text\">\n<p class=\"font_8 wixui-rich-text__text\"><span class=\"wixui-rich-text__text\"><span class=\"color_36 wixui-rich-text__text\">Il est recommand\u00e9 d\u2019apporter une bouteille d\u2019eau identifi\u00e9e au nom de l\u2019\u00e9l\u00e8ve.<\/span><\/span><\/p>\n<\/li>\n<li class=\"wixui-rich-text__text\">\n<p class=\"font_8 wixui-rich-text__text\"><span class=\"wixui-rich-text__text\"><span class=\"color_36 wixui-rich-text__text\">Aucun bijou n\u2019est tol\u00e9r\u00e9 durant les cours. Ceci assure non seulement la s\u00e9curit\u00e9 de l\u2019\u00e9l\u00e8ve, mais aussi celle de ses pairs.<\/span><\/span><\/p>\n<\/li>\n<\/ul>\n<h3 class=\"font_8 wixui-rich-text__text\"><span class=\"wixui-rich-text__text\"><span class=\"color_36 wixui-rich-text__text\">Pr\u00e9sence, retard et absence<\/span><\/span><\/h3>\n<ul class=\"color_36 wixui-rich-text__text\">\n<li class=\"wixui-rich-text__text\">\n<p class=\"font_8 wixui-rich-text__text\"><span class=\"wixui-rich-text__text\"><span class=\"color_36 wixui-rich-text__text\">En cas d\u2019absence occasionnelle, il n\u2019est pas n\u00e9cessaire d\u2019aviser le professeur. Par contre, si vous envisagez de manquer plus d\u2019un cours d\u2019affil\u00e9, veuillez nous en aviser.<\/span><\/span><\/p>\n<\/li>\n<li class=\"wixui-rich-text__text\">\n<p class=\"font_8 wixui-rich-text__text\"><span class=\"wixui-rich-text__text\"><span class=\"color_36 wixui-rich-text__text\">Il est grandement recommand\u00e9 d\u2019arriver \u00e0 l\u2019heure afin que l\u2019\u00e9l\u00e8ve ne manque pas le r\u00e9chauffement. Ce dernier est essentiel \u00e0 la r\u00e9duction des risques de blessures durant l\u2019exercice. Pour les \u00e9l\u00e8ves qui commencent le cours avec les pointes, il est obligatoire d\u2019arriver au moins cinq minutes d\u2019avance pour les enfiler.<\/span><\/span><\/p>\n<\/li>\n<li class=\"wixui-rich-text__text\">\n<p class=\"font_8 wixui-rich-text__text\"><span class=\"wixui-rich-text__text\"><span class=\"color_36 wixui-rich-text__text\">La pr\u00e9sence est obligatoire aux g\u00e9n\u00e9rales.<\/span><\/span><\/p>\n<\/li>\n<li class=\"wixui-rich-text__text\">\n<p class=\"font_8 wixui-rich-text__text\"><span class=\"wixui-rich-text__text\"><span class=\"color_36 wixui-rich-text__text\">Ovation Danse n\u2019est pas responsable de ses \u00e9l\u00e8ves en dehors des heures de cours. Ainsi, nous vous demandons de ne pas arriver plus de 15 minutes d\u2019avance et de venir chercher votre enfant \u00e0 l\u2019heure pr\u00e9vue.<\/span><\/span><\/p>\n<\/li>\n<li class=\"wixui-rich-text__text\">\n<p class=\"font_8 wixui-rich-text__text\"><span class=\"wixui-rich-text__text\"><span class=\"color_36 wixui-rich-text__text\">La pr\u00e9sence de parents et d\u2019amis lors des cours est d\u00e9conseill\u00e9e, afin de favoriser la concentration et l\u2019apprentissage des \u00e9l\u00e8ves. Des visites occasionnelles d\u2019amis ou de proches sont permises.<\/span><\/span><\/p>\n<\/li>\n<li class=\"wixui-rich-text__text\">\n<p class=\"font_8 wixui-rich-text__text\"><span class=\"wixui-rich-text__text\"><span class=\"color_36 wixui-rich-text__text\">Si le professeur doit s\u2019absenter, il sera remplac\u00e9. Dans le cas o\u00f9 cette option est impossible, le cours sera repris au cours de la session.<\/span><\/span><\/p>\n<\/li>\n<\/ul>\n<h3 class=\"font_8 wixui-rich-text__text\"><span class=\"wixui-rich-text__text\"><span class=\"color_36 wixui-rich-text__text\">Spectacles<\/span><\/span><\/h3>\n<ul class=\"color_36 wixui-rich-text__text\">\n<li class=\"wixui-rich-text__text\">\n<p class=\"font_8 wixui-rich-text__text\"><span class=\"wixui-rich-text__text\"><span class=\"color_36 wixui-rich-text__text\">Quatres spectacles sont pr\u00e9sent\u00e9s \u00e0 la fin de chaque ann\u00e9e. Si toutefois vous voulez participer aux cours sans faire le spectacle, veuillez nous en aviser d\u00e8s le d\u00e9but de la session.<\/span><\/span><\/p>\n<\/li>\n<li class=\"wixui-rich-text__text\">\n<p class=\"font_8 wixui-rich-text__text\"><span class=\"wixui-rich-text__text\"><span class=\"color_36 wixui-rich-text__text\">Chaque groupe ne participe qu&rsquo;\u00e0 un ou deux spectacle(s), \u00e0 l&rsquo;exception des \u00e9l\u00e8ves avanc\u00e9s et des troupes.<\/span><\/span><\/p>\n<\/li>\n<li class=\"wixui-rich-text__text\">\n<p class=\"font_8 wixui-rich-text__text\"><span class=\"wixui-rich-text__text\"><span class=\"color_36 wixui-rich-text__text\">Les quatres spectacles ne sont pas identiques. Si un \u00e9l\u00e8ve fait plusieurs cours de danse ou si il y a des fr\u00e8res et\/ou s\u0153urs qui sont inscris aux cours de danse, il y a des risques que toutes les chor\u00e9graphies ne soient pas dans le m\u00eame spectacle. \u00a0\u00a0<\/span><\/span><\/p>\n<\/li>\n<\/ul>\n<h3 class=\"font_8 wixui-rich-text__text\"><span class=\"wixui-rich-text__text\"><span class=\"color_36 wixui-rich-text__text\">\u200b<\/span><\/span><span class=\"wixui-rich-text__text\"><span class=\"color_36 wixui-rich-text__text\">R\u00e8gles de conduite<\/span><\/span><\/h3>\n<ul class=\"color_36 wixui-rich-text__text\">\n<li class=\"wixui-rich-text__text\">\n<p class=\"font_8 wixui-rich-text__text\"><span class=\"wixui-rich-text__text\"><span class=\"color_36 wixui-rich-text__text\">Aucun manque de respect envers les autres \u00e9l\u00e8ves et le professeur ne sera tol\u00e9r\u00e9.<\/span><\/span><\/p>\n<\/li>\n<li class=\"wixui-rich-text__text\">\n<p class=\"font_8 wixui-rich-text__text\"><span class=\"wixui-rich-text__text\"><span class=\"color_36 wixui-rich-text__text\">Ovation Danse encourage l\u2019entraide entre les \u00e9l\u00e8ves.<\/span><\/span><\/p>\n<\/li>\n<li class=\"wixui-rich-text__text\">\n<p class=\"font_8 wixui-rich-text__text\"><span class=\"wixui-rich-text__text\"><span class=\"color_36 wixui-rich-text__text\">Si un \u00e9l\u00e8ve pr\u00e9sente un comportement qui nuit au bon fonctionnement de la classe, Ovation Danse se r\u00e9serve le droit de retirer ce dernier du cours. \u00c9videmment, nous rencontrerons les parents afin de trouver la meilleure solution possible.<\/span><\/span><\/p>\n<\/li>\n<\/ul>\n<h3 class=\"font_8 wixui-rich-text__text\"><span class=\"wixui-rich-text__text\"><span class=\"color_36 wixui-rich-text__text\">Vols et pertes<\/span><\/span><\/h3>\n<ul class=\"color_36 wixui-rich-text__text\">\n<li class=\"wixui-rich-text__text\">\n<p class=\"font_8 wixui-rich-text__text\"><span class=\"wixui-rich-text__text\"><span class=\"color_36 wixui-rich-text__text\">Ovation Danse n&rsquo;est pas responsable des objets perdus ou vol\u00e9s. Nous vous conseillons fortement d&rsquo;identifier vos biens.<\/span><\/span><\/p>\n<\/li>\n<\/ul>\n<h3 class=\"font_8 wixui-rich-text__text\"><span class=\"wixui-rich-text__text\"><span class=\"color_36 wixui-rich-text__text\">Blessures<\/span><\/span><\/h3>\n<ul class=\"color_36 wixui-rich-text__text\">\n<li class=\"wixui-rich-text__text\">\n<p class=\"font_8 wixui-rich-text__text\"><span class=\"wixui-rich-text__text\"><span class=\"color_36 wixui-rich-text__text\">La danse est une activit\u00e9 physique qui comporte des risques de blessures. \u00c0 moins qu&rsquo;un professeur fasse preuve d&rsquo;insouciance, Ovation Danse et ses enseignants se d\u00e9chargent de toute responsabilit\u00e9 en cas de blessure accidentelle.\u00a0<\/span><\/span><\/p>\n<\/li>\n<\/ul>\n<h3 class=\"font_8 wixui-rich-text__text\"><span class=\"wixui-rich-text__text\"><span class=\"color_36 wixui-rich-text__text\">Autres<\/span><\/span><\/h3>\n<ul class=\"color_36 wixui-rich-text__text\">\n<li class=\"wixui-rich-text__text\">\n<p class=\"font_8 wixui-rich-text__text\"><span class=\"wixui-rich-text__text\"><span class=\"color_36 wixui-rich-text__text\">\u00c9vitez d\u2019apporter des collations contenants des noix ou autres allerg\u00e8nes.<\/span><\/span><\/p>\n<\/li>\n<li class=\"wixui-rich-text__text\">\n<p class=\"font_8 wixui-rich-text__text\"><span class=\"wixui-rich-text__text\"><span class=\"color_36 wixui-rich-text__text\">Les parents s\u00e9par\u00e9s doivent s&rsquo;assurer de communiquer les informations importantes entre eux.<\/span><\/span><\/p>\n<\/li>\n<\/ul>\n<\/div>\n<\/div>\n<\/div>\n<\/div>\n<\/div>\n<\/div>\n<\/section>\n<\/div>\n<\/div>\n<\/div>\n<\/div>\n<\/div>\n<\/div>\n<\/div>\n<\/main><footer id=\"SITE_FOOTER\" class=\"AT7o0U SITE_FOOTER wixui-footer\" tabindex=\"-1\">\n<div class=\"lvxhkV\">\u00a0<\/div>\n<div class=\"cKxVkc\">\u00a0<\/div>\n<\/footer><\/div>\n<\/div>\n<\/div>\n<\/div>\n<\/div>\n<\/div>\n<\/article>\t\t\t\t\t\t\t\t<\/div>\n\t\t\t\t<\/div>\n\t\t\t\t<div class=\"elementor-element elementor-element-19fee5bd sc_height_medium sc_fly_static elementor-widget elementor-widget-spacer\" data-id=\"19fee5bd\" data-element_type=\"widget\" data-widget_type=\"spacer.default\">\n\t\t\t\t<div class=\"elementor-widget-container\">\n\t\t\t\t\t\t\t<div class=\"elementor-spacer\">\n\t\t\t<div class=\"elementor-spacer-inner\"><\/div>\n\t\t<\/div>\n\t\t\t\t\t\t<\/div>\n\t\t\t\t<\/div>\n\t\t\t\t\t<\/div>\n\t\t<\/div>\n\t\t\t\t\t<\/div>\n\t\t<\/section>\n\t\t\t\t<\/div>","protected":false},"excerpt":{"rendered":"<p>Politiques Paiements Les modes de paiement accept\u00e9s sont les cartes de cr\u00e9dits et les virements Interac via la plate-forme d&rsquo;inscription en ligne. Il est possible d\u2019acquitter le solde sur plusieurs&hellip;<\/p>","protected":false},"author":1,"featured_media":0,"parent":0,"menu_order":0,"comment_status":"closed","ping_status":"closed","template":"","meta":{"footnotes":""},"class_list":["post-46950","page","type-page","status-publish","hentry"],"yoast_head":"<!-- This site is optimized with the Yoast SEO plugin v26.4 - https:\/\/yoast.com\/wordpress\/plugins\/seo\/ -->\n<title>Politiques - Ovation Danse<\/title>\n<meta name=\"robots\" content=\"index, follow, max-snippet:-1, max-image-preview:large, max-video-preview:-1\" \/>\n<link rel=\"canonical\" href=\"http:\/\/62.146.224.187\/politiques\/\" \/>\n<meta property=\"og:locale\" content=\"en_US\" \/>\n<meta property=\"og:type\" content=\"article\" \/>\n<meta property=\"og:title\" content=\"Politiques - Ovation Danse\" \/>\n<meta property=\"og:description\" content=\"Politiques Paiements Les modes de paiement accept\u00e9s sont les cartes de cr\u00e9dits et les virements Interac via la plate-forme d&rsquo;inscription en ligne. Il est possible d\u2019acquitter le solde sur plusieurs&hellip;\" \/>\n<meta property=\"og:url\" content=\"http:\/\/62.146.224.187\/politiques\/\" \/>\n<meta property=\"og:site_name\" content=\"Ovation Danse\" \/>\n<meta property=\"article:modified_time\" content=\"2025-11-03T10:09:53+00:00\" \/>\n<meta name=\"twitter:card\" content=\"summary_large_image\" \/>\n<meta name=\"twitter:label1\" content=\"Est. reading time\" \/>\n\t<meta name=\"twitter:data1\" content=\"4 minutes\" \/>\n<script type=\"application\/ld+json\" class=\"yoast-schema-graph\">{\"@context\":\"https:\/\/schema.org\",\"@graph\":[{\"@type\":\"WebPage\",\"@id\":\"http:\/\/62.146.224.187\/politiques\/\",\"url\":\"http:\/\/62.146.224.187\/politiques\/\",\"name\":\"Politiques - Ovation Danse\",\"isPartOf\":{\"@id\":\"https:\/\/ovationdanse.com\/#website\"},\"datePublished\":\"2025-11-03T10:06:06+00:00\",\"dateModified\":\"2025-11-03T10:09:53+00:00\",\"breadcrumb\":{\"@id\":\"http:\/\/62.146.224.187\/politiques\/#breadcrumb\"},\"inLanguage\":\"en-US\",\"potentialAction\":[{\"@type\":\"ReadAction\",\"target\":[\"http:\/\/62.146.224.187\/politiques\/\"]}]},{\"@type\":\"BreadcrumbList\",\"@id\":\"http:\/\/62.146.224.187\/politiques\/#breadcrumb\",\"itemListElement\":[{\"@type\":\"ListItem\",\"position\":1,\"name\":\"Accueil\",\"item\":\"http:\/\/62.146.224.187\/\"},{\"@type\":\"ListItem\",\"position\":2,\"name\":\"Politiques\"}]},{\"@type\":\"WebSite\",\"@id\":\"https:\/\/ovationdanse.com\/#website\",\"url\":\"https:\/\/ovationdanse.com\/\",\"name\":\"Ovation Danse\",\"description\":\"\u00c9cole de danse de Nicolet fond\u00e9e 2014\",\"publisher\":{\"@id\":\"https:\/\/ovationdanse.com\/#organization\"},\"potentialAction\":[{\"@type\":\"SearchAction\",\"target\":{\"@type\":\"EntryPoint\",\"urlTemplate\":\"https:\/\/ovationdanse.com\/?s={search_term_string}\"},\"query-input\":{\"@type\":\"PropertyValueSpecification\",\"valueRequired\":true,\"valueName\":\"search_term_string\"}}],\"inLanguage\":\"en-US\"},{\"@type\":\"Organization\",\"@id\":\"https:\/\/ovationdanse.com\/#organization\",\"name\":\"Ovation Danse\",\"url\":\"https:\/\/ovationdanse.com\/\",\"logo\":{\"@type\":\"ImageObject\",\"inLanguage\":\"en-US\",\"@id\":\"https:\/\/ovationdanse.com\/#\/schema\/logo\/image\/\",\"url\":\"https:\/\/ovationdanse.com\/wp-content\/uploads\/2023\/10\/Logo-danseurs-gris.png\",\"contentUrl\":\"https:\/\/ovationdanse.com\/wp-content\/uploads\/2023\/10\/Logo-danseurs-gris.png\",\"width\":1000,\"height\":1000,\"caption\":\"Ovation Danse\"},\"image\":{\"@id\":\"https:\/\/ovationdanse.com\/#\/schema\/logo\/image\/\"}}]}<\/script>\n<!-- \/ Yoast SEO plugin. -->","yoast_head_json":{"title":"Politiques - Ovation Danse","robots":{"index":"index","follow":"follow","max-snippet":"max-snippet:-1","max-image-preview":"max-image-preview:large","max-video-preview":"max-video-preview:-1"},"canonical":"http:\/\/62.146.224.187\/politiques\/","og_locale":"en_US","og_type":"article","og_title":"Politiques - Ovation Danse","og_description":"Politiques Paiements Les modes de paiement accept\u00e9s sont les cartes de cr\u00e9dits et les virements Interac via la plate-forme d&rsquo;inscription en ligne. Il est possible d\u2019acquitter le solde sur plusieurs&hellip;","og_url":"http:\/\/62.146.224.187\/politiques\/","og_site_name":"Ovation Danse","article_modified_time":"2025-11-03T10:09:53+00:00","twitter_card":"summary_large_image","twitter_misc":{"Est. reading time":"4 minutes"},"schema":{"@context":"https:\/\/schema.org","@graph":[{"@type":"WebPage","@id":"http:\/\/62.146.224.187\/politiques\/","url":"http:\/\/62.146.224.187\/politiques\/","name":"Politiques - Ovation Danse","isPartOf":{"@id":"https:\/\/ovationdanse.com\/#website"},"datePublished":"2025-11-03T10:06:06+00:00","dateModified":"2025-11-03T10:09:53+00:00","breadcrumb":{"@id":"http:\/\/62.146.224.187\/politiques\/#breadcrumb"},"inLanguage":"en-US","potentialAction":[{"@type":"ReadAction","target":["http:\/\/62.146.224.187\/politiques\/"]}]},{"@type":"BreadcrumbList","@id":"http:\/\/62.146.224.187\/politiques\/#breadcrumb","itemListElement":[{"@type":"ListItem","position":1,"name":"Accueil","item":"http:\/\/62.146.224.187\/"},{"@type":"ListItem","position":2,"name":"Politiques"}]},{"@type":"WebSite","@id":"https:\/\/ovationdanse.com\/#website","url":"https:\/\/ovationdanse.com\/","name":"Ovation Danse","description":"\u00c9cole de danse de Nicolet fond\u00e9e 2014","publisher":{"@id":"https:\/\/ovationdanse.com\/#organization"},"potentialAction":[{"@type":"SearchAction","target":{"@type":"EntryPoint","urlTemplate":"https:\/\/ovationdanse.com\/?s={search_term_string}"},"query-input":{"@type":"PropertyValueSpecification","valueRequired":true,"valueName":"search_term_string"}}],"inLanguage":"en-US"},{"@type":"Organization","@id":"https:\/\/ovationdanse.com\/#organization","name":"Ovation Danse","url":"https:\/\/ovationdanse.com\/","logo":{"@type":"ImageObject","inLanguage":"en-US","@id":"https:\/\/ovationdanse.com\/#\/schema\/logo\/image\/","url":"https:\/\/ovationdanse.com\/wp-content\/uploads\/2023\/10\/Logo-danseurs-gris.png","contentUrl":"https:\/\/ovationdanse.com\/wp-content\/uploads\/2023\/10\/Logo-danseurs-gris.png","width":1000,"height":1000,"caption":"Ovation Danse"},"image":{"@id":"https:\/\/ovationdanse.com\/#\/schema\/logo\/image\/"}}]}},"_links":{"self":[{"href":"https:\/\/ovationdanse.com\/en\/wp-json\/wp\/v2\/pages\/46950","targetHints":{"allow":["GET"]}}],"collection":[{"href":"https:\/\/ovationdanse.com\/en\/wp-json\/wp\/v2\/pages"}],"about":[{"href":"https:\/\/ovationdanse.com\/en\/wp-json\/wp\/v2\/types\/page"}],"author":[{"embeddable":true,"href":"https:\/\/ovationdanse.com\/en\/wp-json\/wp\/v2\/users\/1"}],"replies":[{"embeddable":true,"href":"https:\/\/ovationdanse.com\/en\/wp-json\/wp\/v2\/comments?post=46950"}],"version-history":[{"count":7,"href":"https:\/\/ovationdanse.com\/en\/wp-json\/wp\/v2\/pages\/46950\/revisions"}],"predecessor-version":[{"id":46957,"href":"https:\/\/ovationdanse.com\/en\/wp-json\/wp\/v2\/pages\/46950\/revisions\/46957"}],"wp:attachment":[{"href":"https:\/\/ovationdanse.com\/en\/wp-json\/wp\/v2\/media?parent=46950"}],"curies":[{"name":"wp","href":"https:\/\/api.w.org\/{rel}","templated":true}]}}